{"id":20,"date":"2026-02-27T11:57:10","date_gmt":"2026-02-27T11:57:10","guid":{"rendered":"https:\/\/auguste.philippramsch.de\/?page_id=20"},"modified":"2026-03-01T22:18:43","modified_gmt":"2026-03-01T22:18:43","slug":"login","status":"publish","type":"page","link":"https:\/\/auguste.philippramsch.de\/","title":{"rendered":"Login"},"content":{"rendered":"\t\t<div data-elementor-type=\"wp-page\" data-elementor-id=\"20\" class=\"elementor elementor-20\" data-elementor-post-type=\"page\">\n\t\t\t\t<div class=\"elementor-element elementor-element-1386b4e e-flex e-con-boxed e-con e-parent\" data-id=\"1386b4e\" data-element_type=\"container\" data-e-type=\"container\">\n\t\t\t\t\t<div class=\"e-con-inner\">\n\t\t\t\t<div class=\"elementor-element elementor-element-2d00a2d6 elementor-widget elementor-widget-text-editor\" data-id=\"2d00a2d6\" data-element_type=\"widget\" data-e-type=\"widget\" data-widget_type=\"text-editor.default\">\n\t\t\t\t\t\t\t\t\t\n        <div class=\"ast-login-wrapper\">\n            <div class=\"ast-login-card\">\n                <div class=\"ast-login-header\">\n                    <div class=\"ast-login-logo\">\n                        <div class=\"ast-logo-placeholder\"><i class=\"fas fa-landmark\"><\/i><\/div>                    <\/div>\n                    <h2>Auguste Stiftung<\/h2>\n                    <p class=\"ast-login-subtitle\">Interner Bereich<\/p>\n                <\/div>\n\n                \n                \n                <form name=\"loginform\" id=\"loginform\" action=\"https:\/\/auguste.philippramsch.de\/wp-login.php\" method=\"post\"><p class=\"login-username\">\n\t\t\t\t<label for=\"user_login\">Benutzername oder E-Mail<\/label>\n\t\t\t\t<input type=\"text\" name=\"log\" id=\"user_login\" autocomplete=\"username\" class=\"input\" value=\"\" size=\"20\" \/>\n\t\t\t<\/p><p class=\"login-password\">\n\t\t\t\t<label for=\"user_pass\">Passwort<\/label>\n\t\t\t\t<input type=\"password\" name=\"pwd\" id=\"user_pass\" autocomplete=\"current-password\" spellcheck=\"false\" class=\"input\" value=\"\" size=\"20\" \/>\n\t\t\t<\/p><p class=\"login-remember\"><label><input name=\"rememberme\" type=\"checkbox\" id=\"rememberme\" value=\"forever\" \/> Angemeldet bleiben<\/label><\/p><p class=\"login-submit\">\n\t\t\t\t<input type=\"submit\" name=\"wp-submit\" id=\"wp-submit\" class=\"button button-primary\" value=\"Anmelden\" \/>\n\t\t\t\t<input type=\"hidden\" name=\"redirect_to\" value=\"https:\/\/auguste.philippramsch.de\" \/>\n\t\t\t<\/p><\/form>\n                <div class=\"ast-login-footer\">\n                    <a href=\"https:\/\/auguste.philippramsch.de\/?action=lostpassword\">\n                        <i class=\"fas fa-key\"><\/i> Passwort vergessen?\n                    <\/a>\n                <\/div>\n\n                \n                <div class=\"ast-login-dsgvo\">\n                    <small><i class=\"fas fa-shield-alt\"><\/i> Hier ein DSGVO-konformer Hinweistext f\u00fcr die Auguste-Stiftung:\r\n\r\nDatenschutzhinweis \u2013 Auguste-Stiftung zu Cottbus\r\nDie Auguste-Stiftung zu Cottbus, Neumarkt 5 (Rathaus), 03046 Cottbus, verarbeitet Ihre personenbezogenen Daten ausschlie\u00dflich zum Zweck der Bearbeitung Ihres F\u00f6rderantrags gem\u00e4\u00df Art. 6 Abs. 1 lit. b DSGVO (Vertragsanbahnung bzw. -erf\u00fcllung) sowie zur Erf\u00fcllung satzungsgem\u00e4\u00dfer Aufgaben der Stiftung.\r\nWelche Daten werden erhoben?\r\nName, E-Mail-Adresse, Telefonnummer, Anschrift, Angaben zum F\u00f6rderzweck und -betrag sowie ggf. von Ihnen hochgeladene Dokumente.\r\nWer hat Zugriff?\r\nIhre Daten werden ausschlie\u00dflich durch befugte Mitarbeiter der Gesch\u00e4ftsstelle sowie die Mitglieder des Kuratoriums im Rahmen der Antragspr\u00fcfung und Beschlussfassung eingesehen. Eine Weitergabe an Dritte erfolgt nicht, es sei denn, dies ist gesetzlich vorgeschrieben.\r\nWie lange werden Daten gespeichert?\r\nIhre Daten werden f\u00fcr die Dauer der Antragsbearbeitung und anschlie\u00dfend gem\u00e4\u00df den gesetzlichen Aufbewahrungsfristen (in der Regel 10 Jahre nach Abschluss des Vorgangs) gespeichert. Nach Ablauf der Fristen werden die Daten automatisch gel\u00f6scht.\r\nIhre Rechte\r\nSie haben jederzeit das Recht auf Auskunft (Art. 15 DSGVO), Berichtigung (Art. 16 DSGVO), L\u00f6schung (Art. 17 DSGVO), Einschr\u00e4nkung der Verarbeitung (Art. 18 DSGVO) sowie Widerspruch gegen die Verarbeitung (Art. 21 DSGVO). Dar\u00fcber hinaus steht Ihnen ein Beschwerderecht bei der zust\u00e4ndigen Aufsichtsbeh\u00f6rde zu (Die Landesbeauftragte f\u00fcr den Datenschutz und f\u00fcr das Recht auf Akteneinsicht Brandenburg).\r\nKontakt f\u00fcr Datenschutzanfragen\r\nAuguste-Stiftung zu Cottbus, Neumarkt 5 (Rathaus), 03046 Cottbus\r\nMit dem Absenden Ihres Antrags best\u00e4tigen Sie, dass Sie diesen Datenschutzhinweis zur Kenntnis genommen haben.<\/small>\n                <\/div>\n            <\/div>\n        <\/div>\n        \n\t\t\t\t\t\t\t\t<\/div>\n\t\t\t\t\t<\/div>\n\t\t\t\t<\/div>\n\t\t\t\t<\/div>\n\t\t","protected":false},"excerpt":{"rendered":"","protected":false},"author":1,"featured_media":0,"parent":0,"menu_order":0,"comment_status":"closed","ping_status":"closed","template":"","meta":{"footnotes":""},"class_list":["post-20","page","type-page","status-publish","hentry"],"_links":{"self":[{"href":"https:\/\/auguste.philippramsch.de\/index.php\/wp-json\/wp\/v2\/pages\/20","targetHints":{"allow":["GET"]}}],"collection":[{"href":"https:\/\/auguste.philippramsch.de\/index.php\/wp-json\/wp\/v2\/pages"}],"about":[{"href":"https:\/\/auguste.philippramsch.de\/index.php\/wp-json\/wp\/v2\/types\/page"}],"author":[{"embeddable":true,"href":"https:\/\/auguste.philippramsch.de\/index.php\/wp-json\/wp\/v2\/users\/1"}],"replies":[{"embeddable":true,"href":"https:\/\/auguste.philippramsch.de\/index.php\/wp-json\/wp\/v2\/comments?post=20"}],"version-history":[{"count":4,"href":"https:\/\/auguste.philippramsch.de\/index.php\/wp-json\/wp\/v2\/pages\/20\/revisions"}],"predecessor-version":[{"id":120,"href":"https:\/\/auguste.philippramsch.de\/index.php\/wp-json\/wp\/v2\/pages\/20\/revisions\/120"}],"wp:attachment":[{"href":"https:\/\/auguste.philippramsch.de\/index.php\/wp-json\/wp\/v2\/media?parent=20"}],"curies":[{"name":"wp","href":"https:\/\/api.w.org\/{rel}","templated":true}]}}